{"id":3040,"date":"2021-11-12T15:01:02","date_gmt":"2021-11-12T15:01:02","guid":{"rendered":"https:\/\/elviramisbakhova.com\/projets\/duo-misbakhova-krasnyanskaya\/"},"modified":"2023-08-22T20:56:52","modified_gmt":"2023-08-22T20:56:52","slug":"duo-misbakhova-krasnyanskaya","status":"publish","type":"page","link":"https:\/\/elviramisbakhova.com\/fr\/projets\/duo-misbakhova-krasnyanskaya\/","title":{"rendered":"Duo Misbakhova &#8211; Krasnyanskaya"},"content":{"rendered":"\t\t<div data-elementor-type=\"wp-page\" data-elementor-id=\"3040\" class=\"elementor elementor-3040\" data-elementor-post-type=\"page\">\n\t\t\t\t<div class=\"elementor-element elementor-element-61578eb4 e-flex e-con-boxed e-con e-parent\" data-id=\"61578eb4\" data-element_type=\"container\" data-e-type=\"container\" data-settings=\"{&quot;background_background&quot;:&quot;classic&quot;}\">\n\t\t\t\t\t<div class=\"e-con-inner\">\n\t\t<div class=\"elementor-element elementor-element-38177e50 e-con-full e-flex e-con e-parent\" data-id=\"38177e50\" data-element_type=\"container\" data-e-type=\"container\">\n\t\t\t\t<div class=\"elementor-element elementor-element-492a89ff elementor-invisible elementor-widget elementor-widget-heading\" data-id=\"492a89ff\" data-element_type=\"widget\" data-e-type=\"widget\" data-settings=\"{&quot;_animation&quot;:&quot;fadeIn&quot;}\" data-widget_type=\"heading.default\">\n\t\t\t\t<div class=\"elementor-widget-container\">\n\t\t\t\t\t<h1 class=\"elementor-heading-title elementor-size-default\">Duo Misbakhova - Krasnyanskaya<\/h1>\t\t\t\t<\/div>\n\t\t\t\t<\/div>\n\t\t\t\t<\/div>\n\t\t\t\t\t<\/div>\n\t\t\t\t<\/div>\n\t\t<div class=\"elementor-element elementor-element-6797572 e-flex e-con-boxed e-con e-parent\" data-id=\"6797572\" data-element_type=\"container\" data-e-type=\"container\">\n\t\t\t\t\t<div class=\"e-con-inner\">\n\t\t<div class=\"elementor-element elementor-element-4f11c3f6 e-con-full e-flex e-con e-parent\" data-id=\"4f11c3f6\" data-element_type=\"container\" data-e-type=\"container\">\n\t\t\t\t<div class=\"elementor-element elementor-element-28b18bb0 elementor-widget elementor-widget-image\" data-id=\"28b18bb0\" data-element_type=\"widget\" data-e-type=\"widget\" data-widget_type=\"image.default\">\n\t\t\t\t<div class=\"elementor-widget-container\">\n\t\t\t\t\t\t\t\t\t\t\t\t\t\t\t<img fetchpriority=\"high\" decoding=\"async\" width=\"800\" height=\"534\" src=\"https:\/\/elviramisbakhova.com\/wp-content\/uploads\/2023\/08\/Duo-pro-1024x683.jpg\" class=\"attachment-large size-large wp-image-4958\" alt=\"\" srcset=\"https:\/\/elviramisbakhova.com\/wp-content\/uploads\/2023\/08\/Duo-pro-1024x683.jpg 1024w, https:\/\/elviramisbakhova.com\/wp-content\/uploads\/2023\/08\/Duo-pro-300x200.jpg 300w, https:\/\/elviramisbakhova.com\/wp-content\/uploads\/2023\/08\/Duo-pro-768x512.jpg 768w, https:\/\/elviramisbakhova.com\/wp-content\/uploads\/2023\/08\/Duo-pro-391x260.jpg 391w, https:\/\/elviramisbakhova.com\/wp-content\/uploads\/2023\/08\/Duo-pro.jpg 1200w\" sizes=\"(max-width: 800px) 100vw, 800px\" \/>\t\t\t\t\t\t\t\t\t\t\t\t\t\t\t<\/div>\n\t\t\t\t<\/div>\n\t\t\t\t<\/div>\n\t\t<div class=\"elementor-element elementor-element-216f64cc e-con-full e-flex e-con e-parent\" data-id=\"216f64cc\" data-element_type=\"container\" data-e-type=\"container\" data-settings=\"{&quot;background_background&quot;:&quot;classic&quot;}\">\n\t\t\t\t<div class=\"elementor-element elementor-element-1e9616be elementor-widget elementor-widget-text-editor\" data-id=\"1e9616be\" data-element_type=\"widget\" data-e-type=\"widget\" data-widget_type=\"text-editor.default\">\n\t\t\t\t<div class=\"elementor-widget-container\">\n\t\t\t\t\t\t\t\t\t<p>Le Duo Misbakhova (alto) \u2013 Krasnyanskaya (piano) est un ensemble montr\u00e9alais cr\u00e9\u00e9 en 2017.<\/p><p>D\u2019origine russe, ses deux musiciennes partagent le m\u00eame h\u00e9ritage et les m\u00eames traditions culturelles et artistiques russes.<\/p><p>Leur r\u00e9pertoire comprend des \u0153uvres allant du classique au contemporain, des arrangements et des \u0153uvres commissionn\u00e9es.<\/p>\t\t\t\t\t\t\t\t<\/div>\n\t\t\t\t<\/div>\n\t\t\t\t<\/div>\n\t\t\t\t\t<\/div>\n\t\t\t\t<\/div>\n\t\t\t\t<section class=\"elementor-section elementor-top-section elementor-element elementor-element-1c8ebbf4 elementor-section-boxed elementor-section-height-default elementor-section-height-default\" data-id=\"1c8ebbf4\" data-element_type=\"section\" data-e-type=\"section\" data-settings=\"{&quot;background_background&quot;:&quot;classic&quot;}\">\n\t\t\t\t\t\t<div class=\"elementor-container elementor-column-gap-default\">\n\t\t\t\t\t<div class=\"elementor-column elementor-col-100 elementor-top-column elementor-element elementor-element-2c38c4dc\" data-id=\"2c38c4dc\" data-element_type=\"column\" data-e-type=\"column\">\n\t\t\t<div class=\"elementor-widget-wrap elementor-element-populated\">\n\t\t\t\t\t\t<div class=\"elementor-element elementor-element-6277849 elementor-widget elementor-widget-image\" data-id=\"6277849\" data-element_type=\"widget\" data-e-type=\"widget\" data-widget_type=\"image.default\">\n\t\t\t\t<div class=\"elementor-widget-container\">\n\t\t\t\t\t\t\t\t\t\t\t\t\t\t\t\t<a href=\"https:\/\/youtu.be\/Ju3AGPpOlR0\">\n\t\t\t\t\t\t\t<img decoding=\"async\" width=\"950\" height=\"535\" src=\"https:\/\/elviramisbakhova.com\/wp-content\/uploads\/2021\/11\/Duo-Misbakhova-Krasnyanskaya-1.jpg\" class=\"attachment-full size-full wp-image-2714\" alt=\"\" srcset=\"https:\/\/elviramisbakhova.com\/wp-content\/uploads\/2021\/11\/Duo-Misbakhova-Krasnyanskaya-1.jpg 950w, https:\/\/elviramisbakhova.com\/wp-content\/uploads\/2021\/11\/Duo-Misbakhova-Krasnyanskaya-1-300x169.jpg 300w, https:\/\/elviramisbakhova.com\/wp-content\/uploads\/2021\/11\/Duo-Misbakhova-Krasnyanskaya-1-768x433.jpg 768w\" sizes=\"(max-width: 950px) 100vw, 950px\" \/>\t\t\t\t\t\t\t\t<\/a>\n\t\t\t\t\t\t\t\t\t\t\t\t\t\t\t<\/div>\n\t\t\t\t<\/div>\n\t\t\t\t<div class=\"elementor-element elementor-element-fe10ba9 elementor-widget elementor-widget-text-editor\" data-id=\"fe10ba9\" data-element_type=\"widget\" data-e-type=\"widget\" data-widget_type=\"text-editor.default\">\n\t\t\t\t<div class=\"elementor-widget-container\">\n\t\t\t\t\t\t\t\t\t<p style=\"text-align: center;\"><strong>SERGEI PROKOFIEV<\/strong> Suite sur le ballet Rom\u00e9o et Juliette (arr. Borisovsky)<\/p>\t\t\t\t\t\t\t\t<\/div>\n\t\t\t\t<\/div>\n\t\t\t\t\t<\/div>\n\t\t<\/div>\n\t\t\t\t\t<\/div>\n\t\t<\/section>\n\t\t\t\t<section class=\"elementor-section elementor-top-section elementor-element elementor-element-29e5d7a elementor-section-boxed elementor-section-height-default elementor-section-height-default\" data-id=\"29e5d7a\" data-element_type=\"section\" data-e-type=\"section\">\n\t\t\t\t\t\t<div class=\"elementor-container elementor-column-gap-default\">\n\t\t\t\t\t<div class=\"elementor-column elementor-col-33 elementor-top-column elementor-element elementor-element-5a7e7a9\" data-id=\"5a7e7a9\" data-element_type=\"column\" data-e-type=\"column\">\n\t\t\t<div class=\"elementor-widget-wrap\">\n\t\t\t\t\t\t\t<\/div>\n\t\t<\/div>\n\t\t\t\t<div class=\"elementor-column elementor-col-33 elementor-top-column elementor-element elementor-element-3de8474\" data-id=\"3de8474\" data-element_type=\"column\" data-e-type=\"column\">\n\t\t\t<div class=\"elementor-widget-wrap elementor-element-populated\">\n\t\t\t\t\t\t<div class=\"elementor-element elementor-element-4e4105a elementor-widget elementor-widget-heading\" data-id=\"4e4105a\" data-element_type=\"widget\" data-e-type=\"widget\" data-widget_type=\"heading.default\">\n\t\t\t\t<div class=\"elementor-widget-container\">\n\t\t\t\t\t<h5 class=\"elementor-heading-title elementor-size-default\">Pour booking contact: <\/h5>\t\t\t\t<\/div>\n\t\t\t\t<\/div>\n\t\t\t\t<div class=\"elementor-element elementor-element-0a13606 elementor-widget elementor-widget-text-editor\" data-id=\"0a13606\" data-element_type=\"widget\" data-e-type=\"widget\" data-widget_type=\"text-editor.default\">\n\t\t\t\t<div class=\"elementor-widget-container\">\n\t\t\t\t\t\t\t\t\t<p><strong>Elvira Misbakhova<\/strong><br \/>Courriel : <b><a style=\"font-family: var( --e-global-typography-text-font-family ), Sans-serif; font-size: var( --e-global-typography-text-font-size ); font-style: var( --e-global-typography-text-font-style ); letter-spacing: var( --e-global-typography-text-letter-spacing ); text-transform: var( --e-global-typography-text-text-transform );\" href=\"mailto:misbakhova@gmail.com\" target=\"_blank\" rel=\"noopener\">misbakhova@gm<\/a><a style=\"font-family: var( --e-global-typography-text-font-family ), Sans-serif; font-size: var( --e-global-typography-text-font-size ); font-style: var( --e-global-typography-text-font-style ); letter-spacing: var( --e-global-typography-text-letter-spacing ); text-transform: var( --e-global-typography-text-text-transform );\" href=\"mailto:misbakhova@gmail.com\" target=\"_blank\" rel=\"noopener\">ail.com<\/a><\/b><strong><br \/><\/strong><\/p>\t\t\t\t\t\t\t\t<\/div>\n\t\t\t\t<\/div>\n\t\t\t\t\t<\/div>\n\t\t<\/div>\n\t\t\t\t<div class=\"elementor-column elementor-col-33 elementor-top-column elementor-element elementor-element-a489658\" data-id=\"a489658\" data-element_type=\"column\" data-e-type=\"column\">\n\t\t\t<div class=\"elementor-widget-wrap\">\n\t\t\t\t\t\t\t<\/div>\n\t\t<\/div>\n\t\t\t\t\t<\/div>\n\t\t<\/section>\n\t\t\t\t<\/div>\n\t\t","protected":false},"excerpt":{"rendered":"<p>Duo Misbakhova &#8211; Krasnyanskaya Le Duo Misbakhova (alto) \u2013 Krasnyanskaya (piano) est un ensemble montr\u00e9alais cr\u00e9\u00e9 en 2017. D\u2019origine russe, ses deux musiciennes partagent le m\u00eame h\u00e9ritage et les m\u00eames traditions culturelles et artistiques russes. Leur r\u00e9pertoire comprend des \u0153uvres allant du classique au contemporain, des arrangements et des \u0153uvres commissionn\u00e9es. SERGEI PROKOFIEV Suite sur [&hellip;]<\/p>\n","protected":false},"author":6,"featured_media":0,"parent":3037,"menu_order":0,"comment_status":"closed","ping_status":"closed","template":"","meta":{"footnotes":""},"class_list":["post-3040","page","type-page","status-publish","hentry"],"_links":{"self":[{"href":"https:\/\/elviramisbakhova.com\/fr\/wp-json\/wp\/v2\/pages\/3040","targetHints":{"allow":["GET"]}}],"collection":[{"href":"https:\/\/elviramisbakhova.com\/fr\/wp-json\/wp\/v2\/pages"}],"about":[{"href":"https:\/\/elviramisbakhova.com\/fr\/wp-json\/wp\/v2\/types\/page"}],"author":[{"embeddable":true,"href":"https:\/\/elviramisbakhova.com\/fr\/wp-json\/wp\/v2\/users\/6"}],"replies":[{"embeddable":true,"href":"https:\/\/elviramisbakhova.com\/fr\/wp-json\/wp\/v2\/comments?post=3040"}],"version-history":[{"count":28,"href":"https:\/\/elviramisbakhova.com\/fr\/wp-json\/wp\/v2\/pages\/3040\/revisions"}],"predecessor-version":[{"id":5125,"href":"https:\/\/elviramisbakhova.com\/fr\/wp-json\/wp\/v2\/pages\/3040\/revisions\/5125"}],"up":[{"embeddable":true,"href":"https:\/\/elviramisbakhova.com\/fr\/wp-json\/wp\/v2\/pages\/3037"}],"wp:attachment":[{"href":"https:\/\/elviramisbakhova.com\/fr\/wp-json\/wp\/v2\/media?parent=3040"}],"curies":[{"name":"wp","href":"https:\/\/api.w.org\/{rel}","templated":true}]}}