{"id":3042,"date":"2021-11-12T15:19:29","date_gmt":"2021-11-12T15:19:29","guid":{"rendered":"https:\/\/elviramisbakhova.com\/projets\/kleztory\/"},"modified":"2023-08-22T20:58:15","modified_gmt":"2023-08-22T20:58:15","slug":"kleztory","status":"publish","type":"page","link":"https:\/\/elviramisbakhova.com\/fr\/projets\/kleztory\/","title":{"rendered":"Kleztory"},"content":{"rendered":"\t\t<div data-elementor-type=\"wp-page\" data-elementor-id=\"3042\" class=\"elementor elementor-3042 elementor-2538\" data-elementor-post-type=\"page\">\n\t\t\t\t<div class=\"elementor-element elementor-element-2404674b e-flex e-con-boxed e-con e-parent\" data-id=\"2404674b\" data-element_type=\"container\" data-e-type=\"container\" data-settings=\"{&quot;background_background&quot;:&quot;classic&quot;}\">\n\t\t\t\t\t<div class=\"e-con-inner\">\n\t\t<div class=\"elementor-element elementor-element-128bb3cb e-con-full e-flex e-con e-parent\" data-id=\"128bb3cb\" data-element_type=\"container\" data-e-type=\"container\">\n\t\t\t\t<div class=\"elementor-element elementor-element-79a7a15c elementor-invisible elementor-widget elementor-widget-heading\" data-id=\"79a7a15c\" data-element_type=\"widget\" data-e-type=\"widget\" data-settings=\"{&quot;_animation&quot;:&quot;fadeIn&quot;}\" data-widget_type=\"heading.default\">\n\t\t\t\t<div class=\"elementor-widget-container\">\n\t\t\t\t\t<h1 class=\"elementor-heading-title elementor-size-default\">KLEZTORY<\/h1>\t\t\t\t<\/div>\n\t\t\t\t<\/div>\n\t\t\t\t<\/div>\n\t\t\t\t\t<\/div>\n\t\t\t\t<\/div>\n\t\t<div class=\"elementor-element elementor-element-603093ef e-flex e-con-boxed e-con e-parent\" data-id=\"603093ef\" data-element_type=\"container\" data-e-type=\"container\">\n\t\t\t\t\t<div class=\"e-con-inner\">\n\t\t<div class=\"elementor-element elementor-element-5de75ef9 e-con-full e-flex e-con e-parent\" data-id=\"5de75ef9\" data-element_type=\"container\" data-e-type=\"container\">\n\t\t\t\t<div class=\"elementor-element elementor-element-49bf16c elementor-widget elementor-widget-image\" data-id=\"49bf16c\" data-element_type=\"widget\" data-e-type=\"widget\" data-widget_type=\"image.default\">\n\t\t\t\t<div class=\"elementor-widget-container\">\n\t\t\t\t\t\t\t\t\t\t\t\t\t\t\t<img fetchpriority=\"high\" decoding=\"async\" width=\"800\" height=\"534\" src=\"https:\/\/elviramisbakhova.com\/wp-content\/uploads\/2023\/08\/kleztory-pro-1024x683.jpg\" class=\"attachment-large size-large wp-image-4960\" alt=\"\" srcset=\"https:\/\/elviramisbakhova.com\/wp-content\/uploads\/2023\/08\/kleztory-pro-1024x683.jpg 1024w, https:\/\/elviramisbakhova.com\/wp-content\/uploads\/2023\/08\/kleztory-pro-300x200.jpg 300w, https:\/\/elviramisbakhova.com\/wp-content\/uploads\/2023\/08\/kleztory-pro-768x512.jpg 768w, https:\/\/elviramisbakhova.com\/wp-content\/uploads\/2023\/08\/kleztory-pro-391x260.jpg 391w, https:\/\/elviramisbakhova.com\/wp-content\/uploads\/2023\/08\/kleztory-pro.jpg 1200w\" sizes=\"(max-width: 800px) 100vw, 800px\" \/>\t\t\t\t\t\t\t\t\t\t\t\t\t\t\t<\/div>\n\t\t\t\t<\/div>\n\t\t\t\t<\/div>\n\t\t<div class=\"elementor-element elementor-element-78e4d88e e-con-full e-flex e-con e-parent\" data-id=\"78e4d88e\" data-element_type=\"container\" data-e-type=\"container\" data-settings=\"{&quot;background_background&quot;:&quot;classic&quot;}\">\n\t\t\t\t<div class=\"elementor-element elementor-element-436704a5 elementor-widget elementor-widget-text-editor\" data-id=\"436704a5\" data-element_type=\"widget\" data-e-type=\"widget\" data-widget_type=\"text-editor.default\">\n\t\t\t\t<div class=\"elementor-widget-container\">\n\t\t\t\t\t\t\t\t\t<p>Fond\u00e9 en 2000, l\u2019ensemble Kleztory a commenc\u00e9 son joyeux et incroyable p\u00e9riple en voyageant \u00e0 travers tout le Qu\u00e9bec, se produisant dans de nombreux festivals et th\u00e9\u00e2tres, dans des caf\u00e9s et petites salles. Depuis, l\u2019ensemble a donn\u00e9 autour de 1000 concerts au Canada, aux \u00c9tats-Unis, aux Pays-Bas, en France, en Allemagne, en Autriche, en Belgique, en Roumanie, au Br\u00e9sil, au Mexique, en Norv\u00e8ge, en Suisse, en Hongrie, au Costa Rica et en Chine.<\/p><p>En 2001, Kleztory produit leur premier\u00a0album chez eux intitul\u00e9 \u00ab\u00a0Kleztory \u2013 Musique Klezmer\u00a0\u00bb, avec les moyens du bord. Fiers de leur premier enregistrement, ils le pr\u00e9sentent \u00e0 Yuli Turovsky, directeur de l\u2019ensemble de chambre I MUSICI de Montr\u00e9al. sous la direction de Yuli Turovsky, sort en 2004 sur l\u2019\u00e9tiquette Chandos Records, distribu\u00e9 dans 50 pays. Avec ce projet, le groupe re\u00e7oit des invitations du milieu de la musique classique \u00e0 se produire en soliste\u00a0avec de nombreux orchestres\u00a0parmi lesquels l\u2019Orchestre symphonique de Montr\u00e9al, l\u2019Orchestre symphonique de Qu\u00e9bec, l\u2019Orchestre symphonique de Laval, l\u2019Orchestre M\u00e9tropolitain, le Thirteen Strings Chamber Orchestra, l\u2019Orchestre Nouvelle G\u00e9n\u00e9ration, l\u2019ensemble de chambre I MUSICI de Montr\u00e9al, les Violons du Roy, l\u2019Orchestre de chambre de McGill et l\u2019Orchestre de Bruxelles.<\/p>\t\t\t\t\t\t\t\t<\/div>\n\t\t\t\t<\/div>\n\t\t\t\t<\/div>\n\t\t\t\t\t<\/div>\n\t\t\t\t<\/div>\n\t\t<div class=\"elementor-element elementor-element-501c675f e-flex e-con-boxed e-con e-parent\" data-id=\"501c675f\" data-element_type=\"container\" data-e-type=\"container\" data-settings=\"{&quot;background_background&quot;:&quot;classic&quot;}\">\n\t\t\t\t\t<div class=\"e-con-inner\">\n\t\t<div class=\"elementor-element elementor-element-7f5e347b e-con-full e-flex e-con e-parent\" data-id=\"7f5e347b\" data-element_type=\"container\" data-e-type=\"container\">\n\t\t\t\t<div class=\"elementor-element elementor-element-2ada272a elementor-widget elementor-widget-text-editor\" data-id=\"2ada272a\" data-element_type=\"widget\" data-e-type=\"widget\" data-widget_type=\"text-editor.default\">\n\t\t\t\t<div class=\"elementor-widget-container\">\n\t\t\t\t\t\t\t\t\t<p><span style=\"color: #666666; font-family: 'Open Sans', Arial, sans-serif;\">Un troisi\u00e8me album, \u00ab\u00a0Nomade\u00a0\u00bb, sort en 2007 et m\u00e9rite le prix Opus 2007 dans la cat\u00e9gorie Meilleur disque jazz\/musique du monde au Qu\u00e9bec. En 2012, le groupe est s\u00e9lectionn\u00e9 pour participer au prestigieux Festival international de musique juive \u00e0 Amsterdam o\u00f9 il remporte le prix F\u00fcrth pour la musique klezmer. En\u00a02013, Kleztory r\u00e9alise leur quatri\u00e8me album intitul\u00e9\u00a0<\/span><span style=\"letter-spacing: 0px; color: #666666; font-family: 'Open Sans', Arial, sans-serif; background-color: var( --e-global-color-5daae3fe );\">\u00ab Arrival \u00bb, mis en nomination par l&rsquo;ADISQ dans la cat\u00e9gorie Meilleur album de l&rsquo;ann\u00e9e \u2013 Musique traditionnelle. En avril 2017, le quintette lance leur cinqui\u00e8me album \u00ab Nigun \u00bb, un mot en h\u00e9breu qui signifie m\u00e9lodie, \u00e0 la salle Wilfrid-Pelletier de la Place des arts et m\u00e9rite un deuxi\u00e8me prix Opus en 2019, cette fois dans la cat\u00e9gorie Meilleur spectacle dans la cat\u00e9gorie musique du monde.<\/span><span style=\"color: var( --e-global-color-text ); letter-spacing: 0px; background-color: var( --e-global-color-5daae3fe );\">\u00a0<\/span><\/p><div>En octobre 2020, Kleztory sort un sixi\u00e8me album, \u00ab Momentum \u00bb, sur la prestigieuse maison britannique Chandos Records (distribu\u00e9 dans plus de 50 pays) et sur Am\u00e9rix Artists, au Canada. Si la pand\u00e9mie n\u2019\u00e9tait pas venue jouer les trouble-f\u00eate, l\u2019ann\u00e9e 2020 aurait \u00e9t\u00e9 particuli\u00e8rement sp\u00e9ciale pour Kleztory : non seulement l\u2019ensemble montr\u00e9alais lan\u00e7ait en octobre \u00ab Momentum \u00bb, son dernier album sur la prestigieuse \u00e9tiquette britannique CHANDOS, mais il c\u00e9l\u00e9brait aussi ses 20 ans d\u2019existence.<\/div><div>\u00a0<\/div><div><span style=\"color: #666666; font-family: 'Open Sans', Arial, sans-serif; letter-spacing: 0px; background-color: var( --e-global-color-5daae3fe );\">Qu\u2019\u00e0 cela ne tienne! Accompagn\u00e9 d\u2019un quatuor \u00e0 cordes, un pianiste et un percussionniste, le r\u00e9put\u00e9 quintette montr\u00e9alais a lanc\u00e9 le 19 mars 2021 leur sixi\u00e8me album \u00ab Momentum \u00bb lors d\u2019un concert-lancement transmis en direct (webdiffusion) par sept cam\u00e9ras du Th\u00e9\u00e2tre Outremont, \u00e0 Montr\u00e9al<\/span>.<\/div>\t\t\t\t\t\t\t\t<\/div>\n\t\t\t\t<\/div>\n\t\t\t\t<\/div>\n\t\t<div class=\"elementor-element elementor-element-5705ddd3 e-con-full e-flex e-con e-parent\" data-id=\"5705ddd3\" data-element_type=\"container\" data-e-type=\"container\">\n\t\t\t\t<div class=\"elementor-element elementor-element-4196b3d3 elementor-widget elementor-widget-image\" data-id=\"4196b3d3\" data-element_type=\"widget\" data-e-type=\"widget\" data-widget_type=\"image.default\">\n\t\t\t\t<div class=\"elementor-widget-container\">\n\t\t\t\t\t\t\t\t\t\t\t\t\t\t\t<img decoding=\"async\" width=\"800\" height=\"534\" src=\"https:\/\/elviramisbakhova.com\/wp-content\/uploads\/2023\/08\/Kleztory-Mundial-1024x683.jpg\" class=\"attachment-large size-large wp-image-5014\" alt=\"\" srcset=\"https:\/\/elviramisbakhova.com\/wp-content\/uploads\/2023\/08\/Kleztory-Mundial-1024x683.jpg 1024w, https:\/\/elviramisbakhova.com\/wp-content\/uploads\/2023\/08\/Kleztory-Mundial-300x200.jpg 300w, https:\/\/elviramisbakhova.com\/wp-content\/uploads\/2023\/08\/Kleztory-Mundial-768x512.jpg 768w, https:\/\/elviramisbakhova.com\/wp-content\/uploads\/2023\/08\/Kleztory-Mundial-391x260.jpg 391w, https:\/\/elviramisbakhova.com\/wp-content\/uploads\/2023\/08\/Kleztory-Mundial.jpg 1200w\" sizes=\"(max-width: 800px) 100vw, 800px\" \/>\t\t\t\t\t\t\t\t\t\t\t\t\t\t\t<\/div>\n\t\t\t\t<\/div>\n\t\t\t\t<\/div>\n\t\t\t\t\t<\/div>\n\t\t\t\t<\/div>\n\t\t\t\t<section class=\"elementor-section elementor-top-section elementor-element elementor-element-9440eac elementor-section-boxed elementor-section-height-default elementor-section-height-default\" data-id=\"9440eac\" data-element_type=\"section\" data-e-type=\"section\" data-settings=\"{&quot;background_background&quot;:&quot;classic&quot;}\">\n\t\t\t\t\t\t<div class=\"elementor-container elementor-column-gap-default\">\n\t\t\t\t\t<div class=\"elementor-column elementor-col-100 elementor-top-column elementor-element elementor-element-4ef45696\" data-id=\"4ef45696\" data-element_type=\"column\" data-e-type=\"column\">\n\t\t\t<div class=\"elementor-widget-wrap elementor-element-populated\">\n\t\t\t\t\t\t<div class=\"elementor-element elementor-element-fe20bca elementor-widget elementor-widget-image\" data-id=\"fe20bca\" data-element_type=\"widget\" data-e-type=\"widget\" data-widget_type=\"image.default\">\n\t\t\t\t<div class=\"elementor-widget-container\">\n\t\t\t\t\t\t\t\t\t\t\t\t\t\t\t\t<a href=\"https:\/\/youtu.be\/krU1kXtmJrQ\">\n\t\t\t\t\t\t\t<img decoding=\"async\" width=\"950\" height=\"535\" src=\"https:\/\/elviramisbakhova.com\/wp-content\/uploads\/2021\/11\/kleztory-2.jpg\" class=\"attachment-full size-full wp-image-2722\" alt=\"\" srcset=\"https:\/\/elviramisbakhova.com\/wp-content\/uploads\/2021\/11\/kleztory-2.jpg 950w, https:\/\/elviramisbakhova.com\/wp-content\/uploads\/2021\/11\/kleztory-2-300x169.jpg 300w, https:\/\/elviramisbakhova.com\/wp-content\/uploads\/2021\/11\/kleztory-2-768x433.jpg 768w\" sizes=\"(max-width: 950px) 100vw, 950px\" \/>\t\t\t\t\t\t\t\t<\/a>\n\t\t\t\t\t\t\t\t\t\t\t\t\t\t\t<\/div>\n\t\t\t\t<\/div>\n\t\t\t\t<div class=\"elementor-element elementor-element-fe10ba9 elementor-widget elementor-widget-text-editor\" data-id=\"fe10ba9\" data-element_type=\"widget\" data-e-type=\"widget\" data-widget_type=\"text-editor.default\">\n\t\t\t\t<div class=\"elementor-widget-container\">\n\t\t\t\t\t\t\t\t\t<p style=\"text-align: center;\"><strong>KLEZTORY<\/strong> Liteul Biteul | Momentum (2020)<\/p>\t\t\t\t\t\t\t\t<\/div>\n\t\t\t\t<\/div>\n\t\t\t\t\t<\/div>\n\t\t<\/div>\n\t\t\t\t\t<\/div>\n\t\t<\/section>\n\t\t\t\t<section class=\"elementor-section elementor-top-section elementor-element elementor-element-29e5d7a elementor-section-boxed elementor-section-height-default elementor-section-height-default\" data-id=\"29e5d7a\" data-element_type=\"section\" data-e-type=\"section\">\n\t\t\t\t\t\t<div class=\"elementor-container elementor-column-gap-default\">\n\t\t\t\t\t<div class=\"elementor-column elementor-col-33 elementor-top-column elementor-element elementor-element-5a7e7a9\" data-id=\"5a7e7a9\" data-element_type=\"column\" data-e-type=\"column\">\n\t\t\t<div class=\"elementor-widget-wrap\">\n\t\t\t\t\t\t\t<\/div>\n\t\t<\/div>\n\t\t\t\t<div class=\"elementor-column elementor-col-33 elementor-top-column elementor-element elementor-element-3de8474\" data-id=\"3de8474\" data-element_type=\"column\" data-e-type=\"column\">\n\t\t\t<div class=\"elementor-widget-wrap elementor-element-populated\">\n\t\t\t\t\t\t<div class=\"elementor-element elementor-element-4e4105a elementor-widget elementor-widget-heading\" data-id=\"4e4105a\" data-element_type=\"widget\" data-e-type=\"widget\" data-widget_type=\"heading.default\">\n\t\t\t\t<div class=\"elementor-widget-container\">\n\t\t\t\t\t<h5 class=\"elementor-heading-title elementor-size-default\">MANAGEMENT DE KLEZTORY<\/h5>\t\t\t\t<\/div>\n\t\t\t\t<\/div>\n\t\t\t\t<section class=\"elementor-section elementor-inner-section elementor-element elementor-element-5ef5be7 elementor-section-boxed elementor-section-height-default elementor-section-height-default\" data-id=\"5ef5be7\" data-element_type=\"section\" data-e-type=\"section\">\n\t\t\t\t\t\t<div class=\"elementor-container elementor-column-gap-default\">\n\t\t\t\t\t<div class=\"elementor-column elementor-col-100 elementor-inner-column elementor-element elementor-element-06052df\" data-id=\"06052df\" data-element_type=\"column\" data-e-type=\"column\">\n\t\t\t<div class=\"elementor-widget-wrap elementor-element-populated\">\n\t\t\t\t\t\t<div class=\"elementor-element elementor-element-d243a98 elementor-widget elementor-widget-text-editor\" data-id=\"d243a98\" data-element_type=\"widget\" data-e-type=\"widget\" data-widget_type=\"text-editor.default\">\n\t\t\t\t<div class=\"elementor-widget-container\">\n\t\t\t\t\t\t\t\t\t<p>PRODUCTION<br \/>Marc Labelle<br \/>Les Productions-\uffc9ditions Marc Labelle Inc. [Am\uffe9rix Artists]<br \/>T\uffe9l\uffe9phone : +1 (514) 726-3593<br \/>Courriel\uffa0: <a href=\"mailto:amerix@aei.ca\" target=\"_blank\" rel=\"noopener\"><b>amerix@aei.ca<\/b><\/a><br \/>Site Web :\uffa0<a href=\"http:\/\/www.amerixartists.com\/kleztory\" target=\"_blank\" rel=\"noopener\"><b>www.amerixartists.com<\/b><\/a><\/p>\t\t\t\t\t\t\t\t<\/div>\n\t\t\t\t<\/div>\n\t\t\t\t\t<\/div>\n\t\t<\/div>\n\t\t\t\t\t<\/div>\n\t\t<\/section>\n\t\t\t\t<section class=\"elementor-section elementor-inner-section elementor-element elementor-element-69988ae elementor-section-boxed elementor-section-height-default elementor-section-height-default\" data-id=\"69988ae\" data-element_type=\"section\" data-e-type=\"section\">\n\t\t\t\t\t\t<div class=\"elementor-container elementor-column-gap-default\">\n\t\t\t\t\t<div class=\"elementor-column elementor-col-100 elementor-inner-column elementor-element elementor-element-b7c3117\" data-id=\"b7c3117\" data-element_type=\"column\" data-e-type=\"column\">\n\t\t\t<div class=\"elementor-widget-wrap elementor-element-populated\">\n\t\t\t\t\t\t<div class=\"elementor-element elementor-element-a2092af elementor-widget elementor-widget-text-editor\" data-id=\"a2092af\" data-element_type=\"widget\" data-e-type=\"widget\" data-widget_type=\"text-editor.default\">\n\t\t\t\t<div class=\"elementor-widget-container\">\n\t\t\t\t\t\t\t\t\t<p>MANAGEMENT &amp; BOOKING POUR LES AM\uffc9RIQUES ET AUTRES TERRITOIRES<br \/>Luc Belhumeur<br \/>Am\uffe9rix Artists<br \/>T\uffe9l\uffe9phone : +1 (514)\uffa0291-0080<br \/>Courriel\uffa0: <a href=\"mailti:amerix.booking@gmail.com\" target=\"_blank\" rel=\"noopener\"><b>amerix.booking@gmail.com<\/b><\/a><br \/>Site Web :\uffa0<a href=\"http:\/\/www.amerixartists.com\/kleztory\" target=\"_blank\" rel=\"noopener\"><b>www.amerixartists.com<\/b><\/a><\/p>\t\t\t\t\t\t\t\t<\/div>\n\t\t\t\t<\/div>\n\t\t\t\t\t<\/div>\n\t\t<\/div>\n\t\t\t\t\t<\/div>\n\t\t<\/section>\n\t\t\t\t<section class=\"elementor-section elementor-inner-section elementor-element elementor-element-19d27db elementor-section-boxed elementor-section-height-default elementor-section-height-default\" data-id=\"19d27db\" data-element_type=\"section\" data-e-type=\"section\">\n\t\t\t\t\t\t<div class=\"elementor-container elementor-column-gap-default\">\n\t\t\t\t\t<div class=\"elementor-column elementor-col-100 elementor-inner-column elementor-element elementor-element-05af4b9\" data-id=\"05af4b9\" data-element_type=\"column\" data-e-type=\"column\">\n\t\t\t<div class=\"elementor-widget-wrap elementor-element-populated\">\n\t\t\t\t\t\t<div class=\"elementor-element elementor-element-4977fca elementor-widget elementor-widget-text-editor\" data-id=\"4977fca\" data-element_type=\"widget\" data-e-type=\"widget\" data-widget_type=\"text-editor.default\">\n\t\t\t\t<div class=\"elementor-widget-container\">\n\t\t\t\t\t\t\t\t\t<p>MANAGEMENT &amp; BOOKING POUR LES AM\u00c9RIQUES ET AUTRES TERRITOIRES<br \/>Luc Belhumeur<br \/>Am\u00e9rix Artists<br \/>T\u00e9l\u00e9phone : +1 514 291-0080<br \/>Courriel : <a href=\"mailto:birgit@artem-berlin.de\" target=\"_blank\" rel=\"noopener\"><b>birgit@artem-berlin.de<\/b><\/a><br \/>Site Web :\u00a0<a href=\"http:\/\/www.artem-berlin.de\" target=\"_blank\" rel=\"noopener\"><b>www.artem-berlin.de<\/b><\/a><\/p>\t\t\t\t\t\t\t\t<\/div>\n\t\t\t\t<\/div>\n\t\t\t\t\t<\/div>\n\t\t<\/div>\n\t\t\t\t\t<\/div>\n\t\t<\/section>\n\t\t\t\t\t<\/div>\n\t\t<\/div>\n\t\t\t\t<div class=\"elementor-column elementor-col-33 elementor-top-column elementor-element elementor-element-a489658\" data-id=\"a489658\" data-element_type=\"column\" data-e-type=\"column\">\n\t\t\t<div class=\"elementor-widget-wrap\">\n\t\t\t\t\t\t\t<\/div>\n\t\t<\/div>\n\t\t\t\t\t<\/div>\n\t\t<\/section>\n\t\t\t\t<\/div>\n\t\t","protected":false},"excerpt":{"rendered":"<p>KLEZTORY Fond\u00e9 en 2000, l\u2019ensemble Kleztory a commenc\u00e9 son joyeux et incroyable p\u00e9riple en voyageant \u00e0 travers tout le Qu\u00e9bec, se produisant dans de nombreux festivals et th\u00e9\u00e2tres, dans des caf\u00e9s et petites salles. Depuis, l\u2019ensemble a donn\u00e9 autour de 1000 concerts au Canada, aux \u00c9tats-Unis, aux Pays-Bas, en France, en Allemagne, en Autriche, en [&hellip;]<\/p>\n","protected":false},"author":6,"featured_media":0,"parent":3037,"menu_order":0,"comment_status":"closed","ping_status":"closed","template":"","meta":{"footnotes":""},"class_list":["post-3042","page","type-page","status-publish","hentry"],"_links":{"self":[{"href":"https:\/\/elviramisbakhova.com\/fr\/wp-json\/wp\/v2\/pages\/3042","targetHints":{"allow":["GET"]}}],"collection":[{"href":"https:\/\/elviramisbakhova.com\/fr\/wp-json\/wp\/v2\/pages"}],"about":[{"href":"https:\/\/elviramisbakhova.com\/fr\/wp-json\/wp\/v2\/types\/page"}],"author":[{"embeddable":true,"href":"https:\/\/elviramisbakhova.com\/fr\/wp-json\/wp\/v2\/users\/6"}],"replies":[{"embeddable":true,"href":"https:\/\/elviramisbakhova.com\/fr\/wp-json\/wp\/v2\/comments?post=3042"}],"version-history":[{"count":43,"href":"https:\/\/elviramisbakhova.com\/fr\/wp-json\/wp\/v2\/pages\/3042\/revisions"}],"predecessor-version":[{"id":5129,"href":"https:\/\/elviramisbakhova.com\/fr\/wp-json\/wp\/v2\/pages\/3042\/revisions\/5129"}],"up":[{"embeddable":true,"href":"https:\/\/elviramisbakhova.com\/fr\/wp-json\/wp\/v2\/pages\/3037"}],"wp:attachment":[{"href":"https:\/\/elviramisbakhova.com\/fr\/wp-json\/wp\/v2\/media?parent=3042"}],"curies":[{"name":"wp","href":"https:\/\/api.w.org\/{rel}","templated":true}]}}