{"id":3044,"date":"2021-11-12T14:45:04","date_gmt":"2021-11-12T14:45:04","guid":{"rendered":"https:\/\/elviramisbakhova.com\/projets\/trio-con-moto\/"},"modified":"2023-08-22T21:52:24","modified_gmt":"2023-08-22T21:52:24","slug":"trio-con-moto","status":"publish","type":"page","link":"https:\/\/elviramisbakhova.com\/fr\/projets\/trio-con-moto\/","title":{"rendered":"Trio Con Moto"},"content":{"rendered":"\t\t<div data-elementor-type=\"wp-page\" data-elementor-id=\"3044\" class=\"elementor elementor-3044 elementor-2519\" data-elementor-post-type=\"page\">\n\t\t\t\t<div class=\"elementor-element elementor-element-5200a89f e-flex e-con-boxed e-con e-parent\" data-id=\"5200a89f\" data-element_type=\"container\" data-e-type=\"container\" data-settings=\"{&quot;background_background&quot;:&quot;classic&quot;}\">\n\t\t\t\t\t<div class=\"e-con-inner\">\n\t\t<div class=\"elementor-element elementor-element-45f6bfaa e-con-full e-flex e-con e-parent\" data-id=\"45f6bfaa\" data-element_type=\"container\" data-e-type=\"container\">\n\t\t\t\t<div class=\"elementor-element elementor-element-57dcede3 elementor-invisible elementor-widget elementor-widget-heading\" data-id=\"57dcede3\" data-element_type=\"widget\" data-e-type=\"widget\" data-settings=\"{&quot;_animation&quot;:&quot;fadeIn&quot;}\" data-widget_type=\"heading.default\">\n\t\t\t\t<div class=\"elementor-widget-container\">\n\t\t\t\t\t<h1 class=\"elementor-heading-title elementor-size-default\">TRIO CON MOTO<\/h1>\t\t\t\t<\/div>\n\t\t\t\t<\/div>\n\t\t\t\t<div class=\"elementor-element elementor-element-1e9443ac elementor-invisible elementor-widget elementor-widget-heading\" data-id=\"1e9443ac\" data-element_type=\"widget\" data-e-type=\"widget\" data-settings=\"{&quot;_animation&quot;:&quot;fadeInUp&quot;}\" data-widget_type=\"heading.default\">\n\t\t\t\t<div class=\"elementor-widget-container\">\n\t\t\t\t\t<h4 class=\"elementor-heading-title elementor-size-default\">Val\u00e9rie Milot, Jocelyne Roy &amp; Elvira Misbakhova<\/h4>\t\t\t\t<\/div>\n\t\t\t\t<\/div>\n\t\t\t\t<\/div>\n\t\t\t\t\t<\/div>\n\t\t\t\t<\/div>\n\t\t<div class=\"elementor-element elementor-element-2d1e9e73 e-flex e-con-boxed e-con e-parent\" data-id=\"2d1e9e73\" data-element_type=\"container\" data-e-type=\"container\">\n\t\t\t\t\t<div class=\"e-con-inner\">\n\t\t<div class=\"elementor-element elementor-element-573a5bd2 e-con-full e-flex e-con e-parent\" data-id=\"573a5bd2\" data-element_type=\"container\" data-e-type=\"container\">\n\t\t\t\t<div class=\"elementor-element elementor-element-45994af0 elementor-widget elementor-widget-image\" data-id=\"45994af0\" data-element_type=\"widget\" data-e-type=\"widget\" data-widget_type=\"image.default\">\n\t\t\t\t<div class=\"elementor-widget-container\">\n\t\t\t\t\t\t\t\t\t\t\t\t\t\t\t<img fetchpriority=\"high\" decoding=\"async\" width=\"800\" height=\"534\" src=\"https:\/\/elviramisbakhova.com\/wp-content\/uploads\/2023\/08\/Trio-con-moto-pro-1024x683.jpg\" class=\"attachment-large size-large wp-image-4956\" alt=\"\" srcset=\"https:\/\/elviramisbakhova.com\/wp-content\/uploads\/2023\/08\/Trio-con-moto-pro-1024x683.jpg 1024w, https:\/\/elviramisbakhova.com\/wp-content\/uploads\/2023\/08\/Trio-con-moto-pro-300x200.jpg 300w, https:\/\/elviramisbakhova.com\/wp-content\/uploads\/2023\/08\/Trio-con-moto-pro-768x512.jpg 768w, https:\/\/elviramisbakhova.com\/wp-content\/uploads\/2023\/08\/Trio-con-moto-pro-391x260.jpg 391w, https:\/\/elviramisbakhova.com\/wp-content\/uploads\/2023\/08\/Trio-con-moto-pro.jpg 1200w\" sizes=\"(max-width: 800px) 100vw, 800px\" \/>\t\t\t\t\t\t\t\t\t\t\t\t\t\t\t<\/div>\n\t\t\t\t<\/div>\n\t\t\t\t<\/div>\n\t\t<div class=\"elementor-element elementor-element-44f62822 e-con-full e-flex e-con e-parent\" data-id=\"44f62822\" data-element_type=\"container\" data-e-type=\"container\" data-settings=\"{&quot;background_background&quot;:&quot;classic&quot;}\">\n\t\t\t\t<div class=\"elementor-element elementor-element-79653492 elementor-widget elementor-widget-text-editor\" data-id=\"79653492\" data-element_type=\"widget\" data-e-type=\"widget\" data-widget_type=\"text-editor.default\">\n\t\t\t\t<div class=\"elementor-widget-container\">\n\t\t\t\t\t\t\t\t\t<p><b>Venez entendre et voir toutes les couleurs qui d\u00e9coulent de ce trio montr\u00e9alais \u00e0 la fois improbable et d\u2019une grande coh\u00e9rence!<\/b><\/p><p><strong><a href=\"https:\/\/valeriemilot.com\/\" target=\"_blank\" rel=\"noopener\">Val\u00e9rie Milot<\/a><\/strong> (harpiste), <strong><a href=\"https:\/\/musique.umontreal.ca\/en\/community\/get-to-know\/portrait\/udemportraits\/f\/jocelyne-roy\/\" target=\"_blank\" rel=\"noopener\">Jocelyne Roy<\/a><\/strong> (fl\u00fbtiste) et Elvira Misbakhova (altiste) vous proposent un concert atmosph\u00e9rique autour de la sonate de Claude Debussy compos\u00e9e pour cette formation. Cette premi\u00e8re \u0153uvre majeure pour ce type d\u2019instrumentation a influenc\u00e9 plusieurs compositeurs par la suite. Une cr\u00e9ation du compositeur montr\u00e9alais Airat Ichmouratov et la sonatine de Maurice Ravel seront \u00e9galement visit\u00e9es.<\/p>\t\t\t\t\t\t\t\t<\/div>\n\t\t\t\t<\/div>\n\t\t\t\t<\/div>\n\t\t\t\t\t<\/div>\n\t\t\t\t<\/div>\n\t\t\t\t<section class=\"elementor-section elementor-top-section elementor-element elementor-element-969b602 elementor-section-boxed elementor-section-height-default elementor-section-height-default\" data-id=\"969b602\" data-element_type=\"section\" data-e-type=\"section\" data-settings=\"{&quot;background_background&quot;:&quot;classic&quot;}\">\n\t\t\t\t\t\t<div class=\"elementor-container elementor-column-gap-default\">\n\t\t\t\t\t<div class=\"elementor-column elementor-col-100 elementor-top-column elementor-element elementor-element-5af3cc8\" data-id=\"5af3cc8\" data-element_type=\"column\" data-e-type=\"column\">\n\t\t\t<div class=\"elementor-widget-wrap elementor-element-populated\">\n\t\t\t\t\t\t<div class=\"elementor-element elementor-element-c4f8e40 wplightbox elementor-widget elementor-widget-image\" data-id=\"c4f8e40\" data-element_type=\"widget\" data-e-type=\"widget\" data-widget_type=\"image.default\">\n\t\t\t\t<div class=\"elementor-widget-container\">\n\t\t\t\t\t\t\t\t\t\t\t\t\t\t\t\t<a href=\"https:\/\/youtu.be\/xlesWzQSyr4\">\n\t\t\t\t\t\t\t<img decoding=\"async\" width=\"950\" height=\"535\" src=\"https:\/\/elviramisbakhova.com\/wp-content\/uploads\/2021\/11\/trio-con-moto-1.jpg\" class=\"attachment-full size-full wp-image-2705\" alt=\"\" srcset=\"https:\/\/elviramisbakhova.com\/wp-content\/uploads\/2021\/11\/trio-con-moto-1.jpg 950w, https:\/\/elviramisbakhova.com\/wp-content\/uploads\/2021\/11\/trio-con-moto-1-300x169.jpg 300w, https:\/\/elviramisbakhova.com\/wp-content\/uploads\/2021\/11\/trio-con-moto-1-768x433.jpg 768w\" sizes=\"(max-width: 950px) 100vw, 950px\" \/>\t\t\t\t\t\t\t\t<\/a>\n\t\t\t\t\t\t\t\t\t\t\t\t\t\t\t<\/div>\n\t\t\t\t<\/div>\n\t\t\t\t<div class=\"elementor-element elementor-element-fe10ba9 elementor-widget elementor-widget-text-editor\" data-id=\"fe10ba9\" data-element_type=\"widget\" data-e-type=\"widget\" data-widget_type=\"text-editor.default\">\n\t\t\t\t<div class=\"elementor-widget-container\">\n\t\t\t\t\t\t\t\t\t<p style=\"text-align: center;\"><strong>CLAUDE DEBUSSY<\/strong> Sonate pour fl\ufffbte, alto et harpe<\/p>\t\t\t\t\t\t\t\t<\/div>\n\t\t\t\t<\/div>\n\t\t\t\t\t<\/div>\n\t\t<\/div>\n\t\t\t\t\t<\/div>\n\t\t<\/section>\n\t\t\t\t<section class=\"elementor-section elementor-top-section elementor-element elementor-element-29e5d7a elementor-section-boxed elementor-section-height-default elementor-section-height-default\" data-id=\"29e5d7a\" data-element_type=\"section\" data-e-type=\"section\">\n\t\t\t\t\t\t<div class=\"elementor-container elementor-column-gap-default\">\n\t\t\t\t\t<div class=\"elementor-column elementor-col-33 elementor-top-column elementor-element elementor-element-5a7e7a9\" data-id=\"5a7e7a9\" data-element_type=\"column\" data-e-type=\"column\">\n\t\t\t<div class=\"elementor-widget-wrap\">\n\t\t\t\t\t\t\t<\/div>\n\t\t<\/div>\n\t\t\t\t<div class=\"elementor-column elementor-col-33 elementor-top-column elementor-element elementor-element-3de8474\" data-id=\"3de8474\" data-element_type=\"column\" data-e-type=\"column\">\n\t\t\t<div class=\"elementor-widget-wrap elementor-element-populated\">\n\t\t\t\t\t\t<div class=\"elementor-element elementor-element-4e4105a elementor-widget elementor-widget-heading\" data-id=\"4e4105a\" data-element_type=\"widget\" data-e-type=\"widget\" data-widget_type=\"heading.default\">\n\t\t\t\t<div class=\"elementor-widget-container\">\n\t\t\t\t\t<h5 class=\"elementor-heading-title elementor-size-default\">Pour booking contactez: <\/h5>\t\t\t\t<\/div>\n\t\t\t\t<\/div>\n\t\t\t\t<div class=\"elementor-element elementor-element-0a13606 elementor-widget elementor-widget-text-editor\" data-id=\"0a13606\" data-element_type=\"widget\" data-e-type=\"widget\" data-widget_type=\"text-editor.default\">\n\t\t\t\t<div class=\"elementor-widget-container\">\n\t\t\t\t\t\t\t\t\t<p><strong>Louis-Philippe H\u00e9bert<br \/><\/strong>Mobile : (819) 620-4071<br \/>Courriel :\u00a0<strong><a style=\"font-family: var( --e-global-typography-text-font-family ), Sans-serif; font-size: var( --e-global-typography-text-font-size ); font-style: var( --e-global-typography-text-font-style ); letter-spacing: var( --e-global-typography-text-letter-spacing ); text-transform: var( --e-global-typography-text-text-transform );\" href=\"mailto:booking@valeriemilot.com\" target=\"_blank\" rel=\"noopener\">booking@valeriemilot.com<\/a><br \/><\/strong><\/p>\t\t\t\t\t\t\t\t<\/div>\n\t\t\t\t<\/div>\n\t\t\t\t\t<\/div>\n\t\t<\/div>\n\t\t\t\t<div class=\"elementor-column elementor-col-33 elementor-top-column elementor-element elementor-element-a489658\" data-id=\"a489658\" data-element_type=\"column\" data-e-type=\"column\">\n\t\t\t<div class=\"elementor-widget-wrap\">\n\t\t\t\t\t\t\t<\/div>\n\t\t<\/div>\n\t\t\t\t\t<\/div>\n\t\t<\/section>\n\t\t\t\t<\/div>\n\t\t","protected":false},"excerpt":{"rendered":"<p>TRIO CON MOTO Val\u00e9rie Milot, Jocelyne Roy &#038; Elvira Misbakhova Venez entendre et voir toutes les couleurs qui d\u00e9coulent de ce trio montr\u00e9alais \u00e0 la fois improbable et d\u2019une grande coh\u00e9rence! Val\u00e9rie Milot (harpiste), Jocelyne Roy (fl\u00fbtiste) et Elvira Misbakhova (altiste) vous proposent un concert atmosph\u00e9rique autour de la sonate de Claude Debussy compos\u00e9e pour [&hellip;]<\/p>\n","protected":false},"author":6,"featured_media":0,"parent":3037,"menu_order":0,"comment_status":"closed","ping_status":"closed","template":"","meta":{"footnotes":""},"class_list":["post-3044","page","type-page","status-publish","hentry"],"_links":{"self":[{"href":"https:\/\/elviramisbakhova.com\/fr\/wp-json\/wp\/v2\/pages\/3044","targetHints":{"allow":["GET"]}}],"collection":[{"href":"https:\/\/elviramisbakhova.com\/fr\/wp-json\/wp\/v2\/pages"}],"about":[{"href":"https:\/\/elviramisbakhova.com\/fr\/wp-json\/wp\/v2\/types\/page"}],"author":[{"embeddable":true,"href":"https:\/\/elviramisbakhova.com\/fr\/wp-json\/wp\/v2\/users\/6"}],"replies":[{"embeddable":true,"href":"https:\/\/elviramisbakhova.com\/fr\/wp-json\/wp\/v2\/comments?post=3044"}],"version-history":[{"count":37,"href":"https:\/\/elviramisbakhova.com\/fr\/wp-json\/wp\/v2\/pages\/3044\/revisions"}],"predecessor-version":[{"id":5183,"href":"https:\/\/elviramisbakhova.com\/fr\/wp-json\/wp\/v2\/pages\/3044\/revisions\/5183"}],"up":[{"embeddable":true,"href":"https:\/\/elviramisbakhova.com\/fr\/wp-json\/wp\/v2\/pages\/3037"}],"wp:attachment":[{"href":"https:\/\/elviramisbakhova.com\/fr\/wp-json\/wp\/v2\/media?parent=3044"}],"curies":[{"name":"wp","href":"https:\/\/api.w.org\/{rel}","templated":true}]}}