{"id":3046,"date":"2021-11-02T14:54:13","date_gmt":"2021-11-02T14:54:13","guid":{"rendered":"https:\/\/elviramisbakhova.com\/projets\/trio-isometrik\/"},"modified":"2023-08-22T21:51:43","modified_gmt":"2023-08-22T21:51:43","slug":"trio-isometrik","status":"publish","type":"page","link":"https:\/\/elviramisbakhova.com\/fr\/projets\/trio-isometrik\/","title":{"rendered":"Trio Isometrik"},"content":{"rendered":"\t\t<div data-elementor-type=\"wp-page\" data-elementor-id=\"3046\" class=\"elementor elementor-3046 elementor-1694\" data-elementor-post-type=\"page\">\n\t\t\t\t<div class=\"elementor-element elementor-element-52e50a66 e-flex e-con-boxed e-con e-parent\" data-id=\"52e50a66\" data-element_type=\"container\" data-e-type=\"container\" data-settings=\"{&quot;background_background&quot;:&quot;classic&quot;}\">\n\t\t\t\t\t<div class=\"e-con-inner\">\n\t\t<div class=\"elementor-element elementor-element-3861ad78 e-con-full e-flex e-con e-parent\" data-id=\"3861ad78\" data-element_type=\"container\" data-e-type=\"container\">\n\t\t\t\t<div class=\"elementor-element elementor-element-5250c56d elementor-invisible elementor-widget elementor-widget-heading\" data-id=\"5250c56d\" data-element_type=\"widget\" data-e-type=\"widget\" data-settings=\"{&quot;_animation&quot;:&quot;fadeIn&quot;}\" data-widget_type=\"heading.default\">\n\t\t\t\t<div class=\"elementor-widget-container\">\n\t\t\t\t\t<h1 class=\"elementor-heading-title elementor-size-default\">ISOMETRIK<\/h1>\t\t\t\t<\/div>\n\t\t\t\t<\/div>\n\t\t\t\t<div class=\"elementor-element elementor-element-5af28ccb elementor-invisible elementor-widget elementor-widget-heading\" data-id=\"5af28ccb\" data-element_type=\"widget\" data-e-type=\"widget\" data-settings=\"{&quot;_animation&quot;:&quot;fadeInUp&quot;}\" data-widget_type=\"heading.default\">\n\t\t\t\t<div class=\"elementor-widget-container\">\n\t\t\t\t\t<h4 class=\"elementor-heading-title elementor-size-default\">Andr\u00e9 Moisan, Jean Saulnier &amp; Elvira Misbakhova<\/h4>\t\t\t\t<\/div>\n\t\t\t\t<\/div>\n\t\t\t\t<\/div>\n\t\t\t\t\t<\/div>\n\t\t\t\t<\/div>\n\t\t<div class=\"elementor-element elementor-element-c90529a e-flex e-con-boxed e-con e-parent\" data-id=\"c90529a\" data-element_type=\"container\" data-e-type=\"container\">\n\t\t\t\t\t<div class=\"e-con-inner\">\n\t\t<div class=\"elementor-element elementor-element-375c41ba e-con-full e-flex e-con e-parent\" data-id=\"375c41ba\" data-element_type=\"container\" data-e-type=\"container\">\n\t\t\t\t<div class=\"elementor-element elementor-element-3ccf33de elementor-widget elementor-widget-image\" data-id=\"3ccf33de\" data-element_type=\"widget\" data-e-type=\"widget\" data-widget_type=\"image.default\">\n\t\t\t\t<div class=\"elementor-widget-container\">\n\t\t\t\t\t\t\t\t\t\t\t\t\t\t\t<img fetchpriority=\"high\" decoding=\"async\" width=\"800\" height=\"534\" src=\"https:\/\/elviramisbakhova.com\/wp-content\/uploads\/2023\/08\/isometrik-pro-1024x683.jpg\" class=\"attachment-large size-large wp-image-4954\" alt=\"\" srcset=\"https:\/\/elviramisbakhova.com\/wp-content\/uploads\/2023\/08\/isometrik-pro-1024x683.jpg 1024w, https:\/\/elviramisbakhova.com\/wp-content\/uploads\/2023\/08\/isometrik-pro-300x200.jpg 300w, https:\/\/elviramisbakhova.com\/wp-content\/uploads\/2023\/08\/isometrik-pro-768x512.jpg 768w, https:\/\/elviramisbakhova.com\/wp-content\/uploads\/2023\/08\/isometrik-pro-391x260.jpg 391w, https:\/\/elviramisbakhova.com\/wp-content\/uploads\/2023\/08\/isometrik-pro.jpg 1200w\" sizes=\"(max-width: 800px) 100vw, 800px\" \/>\t\t\t\t\t\t\t\t\t\t\t\t\t\t\t<\/div>\n\t\t\t\t<\/div>\n\t\t\t\t<\/div>\n\t\t<div class=\"elementor-element elementor-element-34a887dc e-con-full e-flex e-con e-parent\" data-id=\"34a887dc\" data-element_type=\"container\" data-e-type=\"container\" data-settings=\"{&quot;background_background&quot;:&quot;classic&quot;}\">\n\t\t\t\t<div class=\"elementor-element elementor-element-454548d4 elementor-widget elementor-widget-text-editor\" data-id=\"454548d4\" data-element_type=\"widget\" data-e-type=\"widget\" data-widget_type=\"text-editor.default\">\n\t\t\t\t<div class=\"elementor-widget-container\">\n\t\t\t\t\t\t\t\t\t<p>ISOMETRIK est un trio d\u2019une rare polyvalence form\u00e9 d&rsquo;<strong><a href=\"https:\/\/www.andremoisan.com\/\" target=\"_blank\" rel=\"noopener\">Andr\u00e9 Moisan<\/a><\/strong> aux clarinettes et saxophones, Elvira Misbakhova au violon et \u00e0 l\u2019alto, et Jean Saulnier au piano, qui propose une interpr\u00e9tation brillante compos\u00e9e de chefs d\u2019\u0153uvres r\u00e9partie sur trois si\u00e8cles.<\/p><p>Ce concert r\u00e9unit pour la premi\u00e8re fois ces artistes autour d\u2019un r\u00e9pertoire original, o\u00f9 la tradition du 19e si\u00e8cle c\u00f4toie le modernisme, en passant autant par la musique de Maurizio Kagel que la musique Klezmer. Lors de cette performance, vous red\u00e9couvrirez les Mozart, Schumann, Uhl, Kagel, en plus de deux compositeurs canadiens Alejandra Odgers et Airat Ichmouratov qui ont cr\u00e9\u00e9 des oeuvres musicales sp\u00e9cialement pour cet ensemble.<\/p>\t\t\t\t\t\t\t\t<\/div>\n\t\t\t\t<\/div>\n\t\t\t\t<\/div>\n\t\t\t\t\t<\/div>\n\t\t\t\t<\/div>\n\t\t\t\t<section class=\"elementor-section elementor-top-section elementor-element elementor-element-36f3df11 elementor-section-boxed elementor-section-height-default elementor-section-height-default\" data-id=\"36f3df11\" data-element_type=\"section\" data-e-type=\"section\" data-settings=\"{&quot;background_background&quot;:&quot;classic&quot;}\">\n\t\t\t\t\t\t<div class=\"elementor-container elementor-column-gap-default\">\n\t\t\t\t\t<div class=\"elementor-column elementor-col-100 elementor-top-column elementor-element elementor-element-7291ba97\" data-id=\"7291ba97\" data-element_type=\"column\" data-e-type=\"column\">\n\t\t\t<div class=\"elementor-widget-wrap elementor-element-populated\">\n\t\t\t\t\t\t<div class=\"elementor-element elementor-element-5fae354 wplightbox elementor-widget elementor-widget-image\" data-id=\"5fae354\" data-element_type=\"widget\" data-e-type=\"widget\" data-widget_type=\"image.default\">\n\t\t\t\t<div class=\"elementor-widget-container\">\n\t\t\t\t\t\t\t\t\t\t\t\t\t\t\t\t<a href=\"https:\/\/www.youtube.com\/watch?v=KjIi8l0dShI\" data-group=\"gallery0\">\n\t\t\t\t\t\t\t<img decoding=\"async\" width=\"950\" height=\"535\" src=\"https:\/\/elviramisbakhova.com\/wp-content\/uploads\/2021\/11\/trio_isometrix-1.jpg\" class=\"attachment-full size-full wp-image-2697\" alt=\"\" srcset=\"https:\/\/elviramisbakhova.com\/wp-content\/uploads\/2021\/11\/trio_isometrix-1.jpg 950w, https:\/\/elviramisbakhova.com\/wp-content\/uploads\/2021\/11\/trio_isometrix-1-300x169.jpg 300w, https:\/\/elviramisbakhova.com\/wp-content\/uploads\/2021\/11\/trio_isometrix-1-768x433.jpg 768w\" sizes=\"(max-width: 950px) 100vw, 950px\" \/>\t\t\t\t\t\t\t\t<\/a>\n\t\t\t\t\t\t\t\t\t\t\t\t\t\t\t<\/div>\n\t\t\t\t<\/div>\n\t\t\t\t<div class=\"elementor-element elementor-element-fe10ba9 elementor-widget elementor-widget-text-editor\" data-id=\"fe10ba9\" data-element_type=\"widget\" data-e-type=\"widget\" data-widget_type=\"text-editor.default\">\n\t\t\t\t<div class=\"elementor-widget-container\">\n\t\t\t\t\t\t\t\t\t<p style=\"text-align: center;\"><strong>AIRAT ICHMOURATOV<\/strong> Trio pour alto, clarinette et piano, opus 61<\/p>\t\t\t\t\t\t\t\t<\/div>\n\t\t\t\t<\/div>\n\t\t\t\t<section class=\"elementor-section elementor-inner-section elementor-element elementor-element-67ca914c elementor-section-boxed elementor-section-height-default elementor-section-height-default\" data-id=\"67ca914c\" data-element_type=\"section\" data-e-type=\"section\">\n\t\t\t\t\t\t<div class=\"elementor-container elementor-column-gap-default\">\n\t\t\t\t\t<div class=\"elementor-column elementor-col-50 elementor-inner-column elementor-element elementor-element-28f4777c\" data-id=\"28f4777c\" data-element_type=\"column\" data-e-type=\"column\">\n\t\t\t<div class=\"elementor-widget-wrap elementor-element-populated\">\n\t\t\t\t\t\t<div class=\"elementor-element elementor-element-3dff7975 wplightbox elementor-widget elementor-widget-image\" data-id=\"3dff7975\" data-element_type=\"widget\" data-e-type=\"widget\" data-widget_type=\"image.default\">\n\t\t\t\t<div class=\"elementor-widget-container\">\n\t\t\t\t\t\t\t\t\t\t\t\t<figure class=\"wp-caption\">\n\t\t\t\t\t\t\t\t\t\t\t<a href=\"https:\/\/www.youtube.com\/watch?v=72gxQdlbG7A\" data-group=\"gallery0\">\n\t\t\t\t\t\t\t<img decoding=\"async\" width=\"950\" height=\"535\" src=\"https:\/\/elviramisbakhova.com\/wp-content\/uploads\/2022\/01\/waterspout-2.jpg\" class=\"attachment-full size-full wp-image-3984\" alt=\"\" srcset=\"https:\/\/elviramisbakhova.com\/wp-content\/uploads\/2022\/01\/waterspout-2.jpg 950w, https:\/\/elviramisbakhova.com\/wp-content\/uploads\/2022\/01\/waterspout-2-300x169.jpg 300w, https:\/\/elviramisbakhova.com\/wp-content\/uploads\/2022\/01\/waterspout-2-768x433.jpg 768w\" sizes=\"(max-width: 950px) 100vw, 950px\" \/>\t\t\t\t\t\t\t\t<\/a>\n\t\t\t\t\t\t\t\t\t\t\t<figcaption class=\"widget-image-caption wp-caption-text\">Ichmouratov : Waterspout<\/figcaption>\n\t\t\t\t\t\t\t\t\t\t<\/figure>\n\t\t\t\t\t\t\t\t\t<\/div>\n\t\t\t\t<\/div>\n\t\t\t\t\t<\/div>\n\t\t<\/div>\n\t\t\t\t<div class=\"elementor-column elementor-col-50 elementor-inner-column elementor-element elementor-element-58ec634c\" data-id=\"58ec634c\" data-element_type=\"column\" data-e-type=\"column\">\n\t\t\t<div class=\"elementor-widget-wrap elementor-element-populated\">\n\t\t\t\t\t\t<div class=\"elementor-element elementor-element-467ee780 wplightbox elementor-widget elementor-widget-image\" data-id=\"467ee780\" data-element_type=\"widget\" data-e-type=\"widget\" data-widget_type=\"image.default\">\n\t\t\t\t<div class=\"elementor-widget-container\">\n\t\t\t\t\t\t\t\t\t\t\t\t<figure class=\"wp-caption\">\n\t\t\t\t\t\t\t\t\t\t\t<a href=\"https:\/\/www.youtube.com\/watch?v=RA4tIrwyTvA\" data-group=\"gallery0\">\n\t\t\t\t\t\t\t<img loading=\"lazy\" decoding=\"async\" width=\"800\" height=\"451\" src=\"https:\/\/elviramisbakhova.com\/wp-content\/uploads\/2022\/01\/AlfredUhl.jpg\" class=\"attachment-large size-large wp-image-3976\" alt=\"\" srcset=\"https:\/\/elviramisbakhova.com\/wp-content\/uploads\/2022\/01\/AlfredUhl.jpg 950w, https:\/\/elviramisbakhova.com\/wp-content\/uploads\/2022\/01\/AlfredUhl-300x169.jpg 300w, https:\/\/elviramisbakhova.com\/wp-content\/uploads\/2022\/01\/AlfredUhl-768x433.jpg 768w\" sizes=\"(max-width: 800px) 100vw, 800px\" \/>\t\t\t\t\t\t\t\t<\/a>\n\t\t\t\t\t\t\t\t\t\t\t<figcaption class=\"widget-image-caption wp-caption-text\">Uhl : \u00ab Kleines koncert \u00bb pour clarinette, alto et piano<\/figcaption>\n\t\t\t\t\t\t\t\t\t\t<\/figure>\n\t\t\t\t\t\t\t\t\t<\/div>\n\t\t\t\t<\/div>\n\t\t\t\t\t<\/div>\n\t\t<\/div>\n\t\t\t\t\t<\/div>\n\t\t<\/section>\n\t\t\t\t\t<\/div>\n\t\t<\/div>\n\t\t\t\t\t<\/div>\n\t\t<\/section>\n\t\t\t\t<section class=\"elementor-section elementor-top-section elementor-element elementor-element-29e5d7a elementor-section-boxed elementor-section-height-default elementor-section-height-default\" data-id=\"29e5d7a\" data-element_type=\"section\" data-e-type=\"section\">\n\t\t\t\t\t\t<div class=\"elementor-container elementor-column-gap-default\">\n\t\t\t\t\t<div class=\"elementor-column elementor-col-33 elementor-top-column elementor-element elementor-element-5a7e7a9\" data-id=\"5a7e7a9\" data-element_type=\"column\" data-e-type=\"column\">\n\t\t\t<div class=\"elementor-widget-wrap\">\n\t\t\t\t\t\t\t<\/div>\n\t\t<\/div>\n\t\t\t\t<div class=\"elementor-column elementor-col-33 elementor-top-column elementor-element elementor-element-3de8474\" data-id=\"3de8474\" data-element_type=\"column\" data-e-type=\"column\">\n\t\t\t<div class=\"elementor-widget-wrap elementor-element-populated\">\n\t\t\t\t\t\t<div class=\"elementor-element elementor-element-4e4105a elementor-widget elementor-widget-heading\" data-id=\"4e4105a\" data-element_type=\"widget\" data-e-type=\"widget\" data-widget_type=\"heading.default\">\n\t\t\t\t<div class=\"elementor-widget-container\">\n\t\t\t\t\t<h5 class=\"elementor-heading-title elementor-size-default\">Pour booking contactez: <\/h5>\t\t\t\t<\/div>\n\t\t\t\t<\/div>\n\t\t\t\t<div class=\"elementor-element elementor-element-0a13606 elementor-widget elementor-widget-text-editor\" data-id=\"0a13606\" data-element_type=\"widget\" data-e-type=\"widget\" data-widget_type=\"text-editor.default\">\n\t\t\t\t<div class=\"elementor-widget-container\">\n\t\t\t\t\t\t\t\t\t<p><strong>H\u00e9l\u00e8ne Lemay<br \/><\/strong>Mobile : (514) 592-5505<br \/>Courriel : <a style=\"font-family: var( --e-global-typography-text-font-family ), Sans-serif; font-size: var( --e-global-typography-text-font-size ); font-style: var( --e-global-typography-text-font-style ); letter-spacing: var( --e-global-typography-text-letter-spacing ); text-transform: var( --e-global-typography-text-text-transform );\" href=\"mailto:helenelemay@tuxedoswing.ca\" target=\"_blank\" rel=\"noopener\"><b>helenelemay@tuxedoswing.ca<\/b><\/a><strong><br \/><\/strong><\/p>\t\t\t\t\t\t\t\t<\/div>\n\t\t\t\t<\/div>\n\t\t\t\t\t<\/div>\n\t\t<\/div>\n\t\t\t\t<div class=\"elementor-column elementor-col-33 elementor-top-column elementor-element elementor-element-a489658\" data-id=\"a489658\" data-element_type=\"column\" data-e-type=\"column\">\n\t\t\t<div class=\"elementor-widget-wrap\">\n\t\t\t\t\t\t\t<\/div>\n\t\t<\/div>\n\t\t\t\t\t<\/div>\n\t\t<\/section>\n\t\t\t\t<\/div>\n\t\t","protected":false},"excerpt":{"rendered":"<p>ISOMETRIK Andr\u00e9 Moisan, Jean Saulnier &#038; Elvira Misbakhova ISOMETRIK est un trio d\u2019une rare polyvalence form\u00e9 d&rsquo;Andr\u00e9 Moisan aux clarinettes et saxophones, Elvira Misbakhova au violon et \u00e0 l\u2019alto, et Jean Saulnier au piano, qui propose une interpr\u00e9tation brillante compos\u00e9e de chefs d\u2019\u0153uvres r\u00e9partie sur trois si\u00e8cles. Ce concert r\u00e9unit pour la premi\u00e8re fois ces [&hellip;]<\/p>\n","protected":false},"author":6,"featured_media":0,"parent":3037,"menu_order":0,"comment_status":"closed","ping_status":"closed","template":"","meta":{"footnotes":""},"class_list":["post-3046","page","type-page","status-publish","hentry"],"_links":{"self":[{"href":"https:\/\/elviramisbakhova.com\/fr\/wp-json\/wp\/v2\/pages\/3046","targetHints":{"allow":["GET"]}}],"collection":[{"href":"https:\/\/elviramisbakhova.com\/fr\/wp-json\/wp\/v2\/pages"}],"about":[{"href":"https:\/\/elviramisbakhova.com\/fr\/wp-json\/wp\/v2\/types\/page"}],"author":[{"embeddable":true,"href":"https:\/\/elviramisbakhova.com\/fr\/wp-json\/wp\/v2\/users\/6"}],"replies":[{"embeddable":true,"href":"https:\/\/elviramisbakhova.com\/fr\/wp-json\/wp\/v2\/comments?post=3046"}],"version-history":[{"count":49,"href":"https:\/\/elviramisbakhova.com\/fr\/wp-json\/wp\/v2\/pages\/3046\/revisions"}],"predecessor-version":[{"id":5180,"href":"https:\/\/elviramisbakhova.com\/fr\/wp-json\/wp\/v2\/pages\/3046\/revisions\/5180"}],"up":[{"embeddable":true,"href":"https:\/\/elviramisbakhova.com\/fr\/wp-json\/wp\/v2\/pages\/3037"}],"wp:attachment":[{"href":"https:\/\/elviramisbakhova.com\/fr\/wp-json\/wp\/v2\/media?parent=3046"}],"curies":[{"name":"wp","href":"https:\/\/api.w.org\/{rel}","templated":true}]}}