{"id":4854,"date":"2021-11-02T14:54:11","date_gmt":"2021-11-02T14:54:11","guid":{"rendered":"https:\/\/elviramisbakhova.com\/bio\/"},"modified":"2025-02-15T16:39:44","modified_gmt":"2025-02-15T16:39:44","slug":"bio","status":"publish","type":"page","link":"https:\/\/elviramisbakhova.com\/fr\/bio\/","title":{"rendered":"Biographie"},"content":{"rendered":"\t\t<div data-elementor-type=\"wp-page\" data-elementor-id=\"4854\" class=\"elementor elementor-4854 elementor-1677\" data-elementor-post-type=\"page\">\n\t\t\t\t<div class=\"elementor-element elementor-element-a466c9f e-con-full e-flex e-con e-parent\" data-id=\"a466c9f\" data-element_type=\"container\" data-e-type=\"container\" data-settings=\"{&quot;background_background&quot;:&quot;classic&quot;}\">\n\t\t<div class=\"elementor-element elementor-element-f53e209 e-con-full e-flex e-con e-child\" data-id=\"f53e209\" data-element_type=\"container\" data-e-type=\"container\" data-settings=\"{&quot;background_background&quot;:&quot;classic&quot;}\">\n\t\t<div class=\"elementor-element elementor-element-4d0fda6 e-con-full e-flex e-con e-child\" data-id=\"4d0fda6\" data-element_type=\"container\" data-e-type=\"container\">\n\t\t\t\t<div class=\"elementor-element elementor-element-f0297c4 elementor-invisible elementor-widget elementor-widget-image\" data-id=\"f0297c4\" data-element_type=\"widget\" data-e-type=\"widget\" data-settings=\"{&quot;_animation&quot;:&quot;fadeIn&quot;}\" data-widget_type=\"image.default\">\n\t\t\t\t<div class=\"elementor-widget-container\">\n\t\t\t\t\t\t\t\t\t\t\t\t\t\t\t<img fetchpriority=\"high\" decoding=\"async\" width=\"485\" height=\"713\" src=\"https:\/\/elviramisbakhova.com\/wp-content\/uploads\/2023\/04\/bio_banner-2023-V2.jpg\" class=\"attachment-full size-full wp-image-4706\" alt=\"\" srcset=\"https:\/\/elviramisbakhova.com\/wp-content\/uploads\/2023\/04\/bio_banner-2023-V2.jpg 485w, https:\/\/elviramisbakhova.com\/wp-content\/uploads\/2023\/04\/bio_banner-2023-V2-204x300.jpg 204w\" sizes=\"(max-width: 485px) 100vw, 485px\" \/>\t\t\t\t\t\t\t\t\t\t\t\t\t\t\t<\/div>\n\t\t\t\t<\/div>\n\t\t\t\t<\/div>\n\t\t\t\t<\/div>\n\t\t<div class=\"elementor-element elementor-element-4aa62c3 e-con-full e-flex e-con e-child\" data-id=\"4aa62c3\" data-element_type=\"container\" data-e-type=\"container\">\n\t\t<div class=\"elementor-element elementor-element-b43d5f8 e-con-full e-flex e-con e-child\" data-id=\"b43d5f8\" data-element_type=\"container\" data-e-type=\"container\">\n\t\t\t\t<div class=\"elementor-element elementor-element-682ce8e elementor-invisible elementor-widget elementor-widget-heading\" data-id=\"682ce8e\" data-element_type=\"widget\" data-e-type=\"widget\" data-settings=\"{&quot;_animation&quot;:&quot;fadeIn&quot;}\" data-widget_type=\"heading.default\">\n\t\t\t\t<div class=\"elementor-widget-container\">\n\t\t\t\t\t<h1 class=\"elementor-heading-title elementor-size-default\">Biographie<\/h1>\t\t\t\t<\/div>\n\t\t\t\t<\/div>\n\t\t\t\t<div class=\"elementor-element elementor-element-64599e9 elementor-widget elementor-widget-spacer\" data-id=\"64599e9\" data-element_type=\"widget\" data-e-type=\"widget\" data-widget_type=\"spacer.default\">\n\t\t\t\t<div class=\"elementor-widget-container\">\n\t\t\t\t\t\t\t<div class=\"elementor-spacer\">\n\t\t\t<div class=\"elementor-spacer-inner\"><\/div>\n\t\t<\/div>\n\t\t\t\t\t\t<\/div>\n\t\t\t\t<\/div>\n\t\t\t\t<div class=\"elementor-element elementor-element-967638d elementor-widget elementor-widget-text-editor\" data-id=\"967638d\" data-element_type=\"widget\" data-e-type=\"widget\" data-widget_type=\"text-editor.default\">\n\t\t\t\t<div class=\"elementor-widget-container\">\n\t\t\t\t\t\t\t\t\t<p>Elvira Misbakhova est une musicienne de renom, reconnue pour sa polyvalence exceptionnelle en tant que soliste, musicienne d\u2019orchestre et chambriste. Originaire du Tatarstan, en Russie, elle commence l\u2019\u00e9tude du violon \u00e0 l\u2019\u00e2ge de sept ans. Apr\u00e8s avoir obtenu sa ma\u00eetrise au Conservatoire d&rsquo;\u00c9tat de Kazan, elle poursuit sa formation en 1999 au Canada, o\u00f9 elle \u00e9tudie avec Eleonora et Yuli Turovsky. Elle obtient ensuite une deuxi\u00e8me ma\u00eetrise et un doctorat en interpr\u00e9tation musicale \u00e0 l\u2019Universit\u00e9 de Montr\u00e9al en 2005. Durant ses \u00e9tudes, elle se distingue par de nombreuses bourses d\u2019excellence et remporte le prestigieux concours de concerto.<\/p>\n<p>Le parcours musical d\u2019Elvira Misbakhova l\u2019am\u00e8ne \u00e0 se produire sur de nombreuses sc\u00e8nes au Canada et ailleurs. En tant que soliste, elle a collabor\u00e9 avec des orchestres tels que l\u2019Orchestre M\u00e9tropolitain, I Musici de Montr\u00e9al, l\u2019Orchestre symphonique de Drummondville, l\u2019Orchestre symphonique de Trois-Rivi\u00e8res, l\u2019Orchestre de chambre Nouvelle G\u00e9n\u00e9ration, ainsi que l\u2019Orchestre symphonique d\u2019\u00c9tat du Tatarstan et l&rsquo;Orchestre de chambre d\u2019\u00c9tat de la R\u00e9publique de Bi\u00e9lorussie. Elle a \u00e9galement jou\u00e9e avec le prestigieux London Symphony Orchestra.&nbsp;<\/p>\n<p>Actuellement, elle est alto solo \u00e0 l\u2019Orchestre M\u00e9tropolitain sous la direction de Yannick N\u00e9zet-S\u00e9guin, ainsi qu\u2019\u00e0 l\u2019Orchestre de chambre Nouvelle G\u00e9n\u00e9ration. Elle a rejoint I Musici de Montr\u00e9al en 2022, contribuant \u00e0 l&rsquo;orchestre en tant que soliste et musicienne d\u2019orchestre.<\/p>\n<p>L\u2019enregistrement fait partie int\u00e9grante du travail d&rsquo;Elvira Misbakhova. En mai 2022, elle a enregistr\u00e9 un album avec l\u2019Orchestre symphonique de Londres sous le label Chandos. En octobre 2022, elle a enregistr\u00e9 un autre album avec I Musici de Montr\u00e9al, en tant que soliste, pour le label ATMA. Son album de 2019, \u00e9galement publi\u00e9 par Chandos, a re\u00e7u de nombreuses \u00e9loges dans des revues sp\u00e9cialis\u00e9es comme The Strad, Gramophone et MusicWeb.<\/p>\n<p>En plus de ses engagements orchestraux, Elvira Misbakhova se consacre activement \u00e0 la musique de chambre. Elle participe r\u00e9guli\u00e8rement \u00e0 des projets en duo et en petits ensembles, collaborant avec des artistes de renom et ajoutant sa touche unique aux r\u00e9pertoires contemporains et classiques.<\/p>\n<p>Par son talent, son engagement et sa diversit\u00e9 musicale, Elvira Misbakhova s\u2019est impos\u00e9e comme l\u2019une des figures les plus brillantes de la sc\u00e8ne musicale canadienne. Sa capacit\u00e9 \u00e0 \u00e9voluer dans des r\u00e9pertoires aussi vari\u00e9s que la musique de chambre, les grandes formations symphoniques ou les projets d\u2019enregistrement t\u00e9moigne de son immense talent et de sa passion ind\u00e9fectible pour la musique.<\/p>\n<p>Elvira joue sur un alto de Jean-Baptiste Vuillaume (1860-65) et un archet de Louis Basin, les g\u00e9n\u00e9reuses pr\u00eates de Canimex.<\/p>\t\t\t\t\t\t\t\t<\/div>\n\t\t\t\t<\/div>\n\t\t\t\t<\/div>\n\t\t\t\t<\/div>\n\t\t\t\t<\/div>\n\t\t\t\t<section class=\"elementor-section elementor-top-section elementor-element elementor-element-41461fb7 elementor-section-height-min-height elementor-section-content-middle elementor-section-boxed elementor-section-height-default elementor-section-items-middle\" data-id=\"41461fb7\" data-element_type=\"section\" data-e-type=\"section\" data-settings=\"{&quot;background_background&quot;:&quot;classic&quot;}\">\n\t\t\t\t\t\t<div class=\"elementor-container elementor-column-gap-no\">\n\t\t\t\t\t<div class=\"elementor-column elementor-col-100 elementor-top-column elementor-element elementor-element-212e84fc\" data-id=\"212e84fc\" data-element_type=\"column\" data-e-type=\"column\">\n\t\t\t<div class=\"elementor-widget-wrap elementor-element-populated\">\n\t\t\t\t\t\t<section class=\"elementor-section elementor-inner-section elementor-element elementor-element-7cf6fc70 elementor-section-height-min-height elementor-section-content-middle elementor-section-boxed elementor-section-height-default\" data-id=\"7cf6fc70\" data-element_type=\"section\" data-e-type=\"section\" data-settings=\"{&quot;background_background&quot;:&quot;classic&quot;}\">\n\t\t\t\t\t\t<div class=\"elementor-container elementor-column-gap-no\">\n\t\t\t\t\t<div class=\"elementor-column elementor-col-100 elementor-inner-column elementor-element elementor-element-8320981\" data-id=\"8320981\" data-element_type=\"column\" data-e-type=\"column\">\n\t\t\t<div class=\"elementor-widget-wrap elementor-element-populated\">\n\t\t\t\t\t\t<div class=\"elementor-element elementor-element-ca8e5d0 elementor-testimonial--align-left elementor-testimonial--skin-default elementor-testimonial--layout-image_inline elementor-pagination-type-bullets elementor-widget elementor-widget-testimonial-carousel\" data-id=\"ca8e5d0\" data-element_type=\"widget\" data-e-type=\"widget\" data-settings=\"{&quot;autoplay_speed&quot;:10000,&quot;space_between_mobile&quot;:{&quot;unit&quot;:&quot;px&quot;,&quot;size&quot;:9,&quot;sizes&quot;:[]},&quot;pagination&quot;:&quot;bullets&quot;,&quot;speed&quot;:500,&quot;autoplay&quot;:&quot;yes&quot;,&quot;loop&quot;:&quot;yes&quot;,&quot;pause_on_hover&quot;:&quot;yes&quot;,&quot;pause_on_interaction&quot;:&quot;yes&quot;,&quot;space_between&quot;:{&quot;unit&quot;:&quot;px&quot;,&quot;size&quot;:10,&quot;sizes&quot;:[]},&quot;space_between_laptop&quot;:{&quot;unit&quot;:&quot;px&quot;,&quot;size&quot;:10,&quot;sizes&quot;:[]},&quot;space_between_tablet_extra&quot;:{&quot;unit&quot;:&quot;px&quot;,&quot;size&quot;:10,&quot;sizes&quot;:[]},&quot;space_between_tablet&quot;:{&quot;unit&quot;:&quot;px&quot;,&quot;size&quot;:10,&quot;sizes&quot;:[]},&quot;space_between_mobile_extra&quot;:{&quot;unit&quot;:&quot;px&quot;,&quot;size&quot;:10,&quot;sizes&quot;:[]}}\" data-widget_type=\"testimonial-carousel.default\">\n\t\t\t\t<div class=\"elementor-widget-container\">\n\t\t\t\t\t\t\t\t\t<div class=\"elementor-swiper\">\n\t\t\t\t\t<div class=\"elementor-main-swiper swiper\" role=\"region\" aria-roledescription=\"carousel\" aria-label=\"Diapositives\">\n\t\t\t\t<div class=\"swiper-wrapper\">\n\t\t\t\t\t\t\t\t\t\t\t<div class=\"swiper-slide\" role=\"group\" aria-roledescription=\"slide\">\n\t\t\t\t\t\t\t\t\t<div class=\"elementor-testimonial\">\n\t\t\t\t\t\t\t<div class=\"elementor-testimonial__content\">\n\t\t\t\t\t<div class=\"elementor-testimonial__text\">\n\t\t\t\t\t\t\u00ab Les <i>trois romances pour alto et cordes avec harpe obbligato<\/i> \u2014 un portrait musical de la violoniste Elenora Turovsky \u2014 ravissent \u00e0 chaque instant - Misbakhova se surpasse dans ses romances... \u00bb\t\t\t\t\t<\/div>\n\t\t\t\t\t\t\t\t\t<\/div>\n\t\t\t\t\t\t<div class=\"elementor-testimonial__footer\">\n\t\t\t\t\t\t\t\t<cite class=\"elementor-testimonial__cite\"><span class=\"elementor-testimonial__name\">classicalsource.com<\/span><\/cite>\t\t\t<\/div>\n\t\t<\/div>\n\t\t\t\t\t\t\t\t<\/div>\n\t\t\t\t\t\t\t\t\t\t\t<div class=\"swiper-slide\" role=\"group\" aria-roledescription=\"slide\">\n\t\t\t\t\t\t\t\t\t<div class=\"elementor-testimonial\">\n\t\t\t\t\t\t\t<div class=\"elementor-testimonial__content\">\n\t\t\t\t\t<div class=\"elementor-testimonial__text\">\n\t\t\t\t\t\t\u201cLes habilet\u00e9s exceptionnelles d'Elvira Misbakhova font de cette \u0153uvre une r\u00e9ussite \u00e9clatante... \u00bb\t\t\t\t\t<\/div>\n\t\t\t\t\t\t\t\t\t<\/div>\n\t\t\t\t\t\t<div class=\"elementor-testimonial__footer\">\n\t\t\t\t\t\t\t\t<cite class=\"elementor-testimonial__cite\"><span class=\"elementor-testimonial__name\">Musicweb International<\/span><\/cite>\t\t\t<\/div>\n\t\t<\/div>\n\t\t\t\t\t\t\t\t<\/div>\n\t\t\t\t\t\t\t\t\t\t\t<div class=\"swiper-slide\" role=\"group\" aria-roledescription=\"slide\">\n\t\t\t\t\t\t\t\t\t<div class=\"elementor-testimonial\">\n\t\t\t\t\t\t\t<div class=\"elementor-testimonial__content\">\n\t\t\t\t\t<div class=\"elementor-testimonial__text\">\n\t\t\t\t\t\t\u00ab Elvira Misbakhova est une soliste \u00e9loquente tout au long de l'enregistrement, son jeu chantant convenant parfaitement \u00e0 ces r\u00eaveries m\u00e9lancoliques... \u00bb\t\t\t\t\t<\/div>\n\t\t\t\t\t\t\t\t\t<\/div>\n\t\t\t\t\t\t<div class=\"elementor-testimonial__footer\">\n\t\t\t\t\t\t\t\t<cite class=\"elementor-testimonial__cite\"><span class=\"elementor-testimonial__name\">The Strad<\/span><\/cite>\t\t\t<\/div>\n\t\t<\/div>\n\t\t\t\t\t\t\t\t<\/div>\n\t\t\t\t\t\t\t\t\t<\/div>\n\t\t\t\t\t\t\t\t\t\t\t\t\t\t\t\t\t\t\t\t<div class=\"swiper-pagination\"><\/div>\n\t\t\t\t\t\t\t\t\t\t\t\t<\/div>\n\t\t\t\t<\/div>\n\t\t\t\t\t\t\t\t<\/div>\n\t\t\t\t<\/div>\n\t\t\t\t\t<\/div>\n\t\t<\/div>\n\t\t\t\t\t<\/div>\n\t\t<\/section>\n\t\t\t\t<div class=\"elementor-element elementor-element-75ac6b4a elementor-widget__width-initial elementor-widget-tablet__width-initial elementor-widget-mobile__width-initial elementor-absolute elementor-invisible elementor-widget elementor-widget-spacer\" data-id=\"75ac6b4a\" data-element_type=\"widget\" data-e-type=\"widget\" data-settings=\"{&quot;_position&quot;:&quot;absolute&quot;,&quot;_animation&quot;:&quot;slideInUp&quot;}\" data-widget_type=\"spacer.default\">\n\t\t\t\t<div class=\"elementor-widget-container\">\n\t\t\t\t\t\t\t<div class=\"elementor-spacer\">\n\t\t\t<div class=\"elementor-spacer-inner\"><\/div>\n\t\t<\/div>\n\t\t\t\t\t\t<\/div>\n\t\t\t\t<\/div>\n\t\t\t\t\t<\/div>\n\t\t<\/div>\n\t\t\t\t\t<\/div>\n\t\t<\/section>\n\t\t<div class=\"elementor-element elementor-element-295a7ef e-flex e-con-boxed e-con e-parent\" data-id=\"295a7ef\" data-element_type=\"container\" data-e-type=\"container\">\n\t\t\t\t\t<div class=\"e-con-inner\">\n\t\t\t\t<div class=\"elementor-element elementor-element-1988fca elementor-align-center elementor-mobile-align-center elementor-widget elementor-widget-button\" data-id=\"1988fca\" data-element_type=\"widget\" data-e-type=\"widget\" data-widget_type=\"button.default\">\n\t\t\t\t<div class=\"elementor-widget-container\">\n\t\t\t\t\t\t\t\t\t<div class=\"elementor-button-wrapper\">\n\t\t\t\t\t<a class=\"elementor-button elementor-button-link elementor-size-sm\" href=\"https:\/\/drive.google.com\/drive\/folders\/10-P2BIEtT6PaPYf5Zjtbrp6O7WegZCH7?usp=sharing\" target=\"_blank\">\n\t\t\t\t\t\t<span class=\"elementor-button-content-wrapper\">\n\t\t\t\t\t\t<span class=\"elementor-button-icon\">\n\t\t\t\t<i aria-hidden=\"true\" class=\"fas fa-download\"><\/i>\t\t\t<\/span>\n\t\t\t\t\t\t\t\t\t<span class=\"elementor-button-text\">T\u00c9L\u00c9CHARGER LA BIOGRAPHIE<\/span>\n\t\t\t\t\t<\/span>\n\t\t\t\t\t<\/a>\n\t\t\t\t<\/div>\n\t\t\t\t\t\t\t\t<\/div>\n\t\t\t\t<\/div>\n\t\t\t\t<div class=\"elementor-element elementor-element-622a24c elementor-align-center elementor-mobile-align-center elementor-widget elementor-widget-button\" data-id=\"622a24c\" data-element_type=\"widget\" data-e-type=\"widget\" data-widget_type=\"button.default\">\n\t\t\t\t<div class=\"elementor-widget-container\">\n\t\t\t\t\t\t\t\t\t<div class=\"elementor-button-wrapper\">\n\t\t\t\t\t<a class=\"elementor-button elementor-button-link elementor-size-sm\" href=\"https:\/\/drive.google.com\/drive\/folders\/10-P2BIEtT6PaPYf5Zjtbrp6O7WegZCH7?usp=sharing\" target=\"_blank\">\n\t\t\t\t\t\t<span class=\"elementor-button-content-wrapper\">\n\t\t\t\t\t\t<span class=\"elementor-button-icon\">\n\t\t\t\t<i aria-hidden=\"true\" class=\"fas fa-download\"><\/i>\t\t\t<\/span>\n\t\t\t\t\t\t\t\t\t<span class=\"elementor-button-text\">T\u00c9L\u00c9CHARGER LES PHOTOS<\/span>\n\t\t\t\t\t<\/span>\n\t\t\t\t\t<\/a>\n\t\t\t\t<\/div>\n\t\t\t\t\t\t\t\t<\/div>\n\t\t\t\t<\/div>\n\t\t\t\t\t<\/div>\n\t\t\t\t<\/div>\n\t\t\t\t<\/div>\n\t\t","protected":false},"excerpt":{"rendered":"<p>Biographie Elvira Misbakhova est une musicienne de renom, reconnue pour sa polyvalence exceptionnelle en tant que soliste, musicienne d\u2019orchestre et chambriste. Originaire du Tatarstan, en Russie, elle commence l\u2019\u00e9tude du violon \u00e0 l\u2019\u00e2ge de sept ans. Apr\u00e8s avoir obtenu sa ma\u00eetrise au Conservatoire d&rsquo;\u00c9tat de Kazan, elle poursuit sa formation en 1999 au Canada, o\u00f9 [&hellip;]<\/p>\n","protected":false},"author":6,"featured_media":0,"parent":0,"menu_order":0,"comment_status":"closed","ping_status":"closed","template":"","meta":{"footnotes":""},"class_list":["post-4854","page","type-page","status-publish","hentry"],"_links":{"self":[{"href":"https:\/\/elviramisbakhova.com\/fr\/wp-json\/wp\/v2\/pages\/4854","targetHints":{"allow":["GET"]}}],"collection":[{"href":"https:\/\/elviramisbakhova.com\/fr\/wp-json\/wp\/v2\/pages"}],"about":[{"href":"https:\/\/elviramisbakhova.com\/fr\/wp-json\/wp\/v2\/types\/page"}],"author":[{"embeddable":true,"href":"https:\/\/elviramisbakhova.com\/fr\/wp-json\/wp\/v2\/users\/6"}],"replies":[{"embeddable":true,"href":"https:\/\/elviramisbakhova.com\/fr\/wp-json\/wp\/v2\/comments?post=4854"}],"version-history":[{"count":23,"href":"https:\/\/elviramisbakhova.com\/fr\/wp-json\/wp\/v2\/pages\/4854\/revisions"}],"predecessor-version":[{"id":5427,"href":"https:\/\/elviramisbakhova.com\/fr\/wp-json\/wp\/v2\/pages\/4854\/revisions\/5427"}],"wp:attachment":[{"href":"https:\/\/elviramisbakhova.com\/fr\/wp-json\/wp\/v2\/media?parent=4854"}],"curies":[{"name":"wp","href":"https:\/\/api.w.org\/{rel}","templated":true}]}}